{"id":10,"date":"2015-05-28T23:19:11","date_gmt":"2015-05-28T22:19:11","guid":{"rendered":"http:\/\/www.royalpierrelaye.com\/?page_id=10"},"modified":"2022-04-21T19:29:15","modified_gmt":"2022-04-21T18:29:15","slug":"wok-grillade","status":"publish","type":"page","link":"https:\/\/www.royalpierrelaye.com\/index.php\/wok-grillade\/","title":{"rendered":"WOK &#038; GRILLADES"},"content":{"rendered":"<h1 style=\"text-align: center;\">Wok &amp; Grillades<\/h1>\n<p style=\"text-align: center;\"><a href=\"http:\/\/www.royalpierrelaye.com\/wp-content\/uploads\/2015\/06\/IMG_1401.jpg\"><img decoding=\"async\" loading=\"lazy\" class=\"alignnone size-medium wp-image-52\" src=\"http:\/\/www.royalpierrelaye.com\/wp-content\/uploads\/2015\/06\/IMG_1401-300x200.jpg\" alt=\"IMG_1401\" width=\"300\" height=\"200\" srcset=\"https:\/\/www.royalpierrelaye.com\/wp-content\/uploads\/2015\/06\/IMG_1401-300x200.jpg 300w, https:\/\/www.royalpierrelaye.com\/wp-content\/uploads\/2015\/06\/IMG_1401-1024x683.jpg 1024w, https:\/\/www.royalpierrelaye.com\/wp-content\/uploads\/2015\/06\/IMG_1401-780x520.jpg 780w, https:\/\/www.royalpierrelaye.com\/wp-content\/uploads\/2015\/06\/IMG_1401-171x114.jpg 171w, https:\/\/www.royalpierrelaye.com\/wp-content\/uploads\/2015\/06\/IMG_1401.jpg 1456w\" sizes=\"(max-width: 300px) 100vw, 300px\" \/><\/a><a href=\"http:\/\/www.royalpierrelaye.com\/wp-content\/uploads\/2015\/06\/IMG_1392.jpg\"><img decoding=\"async\" loading=\"lazy\" class=\"alignnone size-medium wp-image-49\" src=\"http:\/\/www.royalpierrelaye.com\/wp-content\/uploads\/2015\/06\/IMG_1392-300x200.jpg\" alt=\"IMG_1392\" width=\"300\" height=\"200\" srcset=\"https:\/\/www.royalpierrelaye.com\/wp-content\/uploads\/2015\/06\/IMG_1392-300x200.jpg 300w, https:\/\/www.royalpierrelaye.com\/wp-content\/uploads\/2015\/06\/IMG_1392-1024x683.jpg 1024w, https:\/\/www.royalpierrelaye.com\/wp-content\/uploads\/2015\/06\/IMG_1392-780x520.jpg 780w, https:\/\/www.royalpierrelaye.com\/wp-content\/uploads\/2015\/06\/IMG_1392-171x114.jpg 171w, https:\/\/www.royalpierrelaye.com\/wp-content\/uploads\/2015\/06\/IMG_1392.jpg 1456w\" sizes=\"(max-width: 300px) 100vw, 300px\" \/><\/a> <a href=\"http:\/\/www.royalpierrelaye.com\/wp-content\/uploads\/2015\/06\/IMG_1394.jpg\"><img decoding=\"async\" loading=\"lazy\" class=\"alignnone size-medium wp-image-50\" src=\"http:\/\/www.royalpierrelaye.com\/wp-content\/uploads\/2015\/06\/IMG_1394-300x200.jpg\" alt=\"IMG_1394\" width=\"300\" height=\"200\" srcset=\"https:\/\/www.royalpierrelaye.com\/wp-content\/uploads\/2015\/06\/IMG_1394-300x200.jpg 300w, https:\/\/www.royalpierrelaye.com\/wp-content\/uploads\/2015\/06\/IMG_1394-1024x683.jpg 1024w, https:\/\/www.royalpierrelaye.com\/wp-content\/uploads\/2015\/06\/IMG_1394-780x520.jpg 780w, https:\/\/www.royalpierrelaye.com\/wp-content\/uploads\/2015\/06\/IMG_1394-171x114.jpg 171w, https:\/\/www.royalpierrelaye.com\/wp-content\/uploads\/2015\/06\/IMG_1394.jpg 1456w\" sizes=\"(max-width: 300px) 100vw, 300px\" \/><\/a>\u00a0 <a href=\"http:\/\/www.royalpierrelaye.com\/wp-content\/uploads\/2015\/06\/IMG_1399.jpg\"><img decoding=\"async\" loading=\"lazy\" class=\"alignnone size-medium wp-image-51\" src=\"http:\/\/www.royalpierrelaye.com\/wp-content\/uploads\/2015\/06\/IMG_1399-300x200.jpg\" alt=\"IMG_1399\" width=\"300\" height=\"200\" srcset=\"https:\/\/www.royalpierrelaye.com\/wp-content\/uploads\/2015\/06\/IMG_1399-300x200.jpg 300w, https:\/\/www.royalpierrelaye.com\/wp-content\/uploads\/2015\/06\/IMG_1399-1024x683.jpg 1024w, https:\/\/www.royalpierrelaye.com\/wp-content\/uploads\/2015\/06\/IMG_1399-780x520.jpg 780w, https:\/\/www.royalpierrelaye.com\/wp-content\/uploads\/2015\/06\/IMG_1399-171x114.jpg 171w, https:\/\/www.royalpierrelaye.com\/wp-content\/uploads\/2015\/06\/IMG_1399.jpg 1456w\" sizes=\"(max-width: 300px) 100vw, 300px\" \/><\/a><\/p>\n<p style=\"text-align: center;\" align=\"left\"><span style=\"color: #000000; font-family: Calibri; font-size: large;\">Pr\u00e9parez vous-m\u00eame votre assiette en choisissant <\/span><\/p>\n<p style=\"text-align: center;\" align=\"left\"><span style=\"color: #000000; font-family: Calibri; font-size: large;\">parmi les nombreux aliments propos\u00e9s <\/span><\/p>\n<p style=\"text-align: center;\" align=\"left\"><span style=\"color: #000000; font-family: Calibri; font-size: large;\">et confiez-l\u00e0 \u00e0 notre Chef pour la cuisson au <strong>Wok<\/strong> (diff\u00e9rentes sauces au choix)<\/span><\/p>\n<p style=\"text-align: center;\" align=\"left\"><span style=\"font-family: Calibri;\"><span style=\"font-size: large;\"><span style=\"color: #000000;\">Pour les <strong>grillades<\/strong>, nous vous proposons : <\/span><span style=\"color: #000000;\">Poissons, viandes, brochettes b\u0153uf\/fromage, grosses crevettes&#8230;<\/span><\/span><\/span><\/p>\n<p style=\"text-align: center;\">Le wok est un instrument servant \u00e0 cuire les aliments en pr\u00e9servant leur saveur et leurs qualit\u00e9s nutritionnelles.<\/p>\n<p style=\"text-align: center;\">une cuisine rapide et di\u00e9t\u00e9tique,<\/p>\n<p style=\"text-align: center;\">d\u00e9licieuse qui vous fera voyager en flattant votre palais.<\/p>\n<p style=\"text-align: center;\">Le cadre \u00e9l\u00e9gant et reposant de notre \u00e9tablissement invite \u00e0 laisser de c\u00f4t\u00e9 les tracas du quotidien et \u00e9veille nos sens \u00e0 la rencontre d&rsquo;un ailleurs.<\/p>\n<p style=\"text-align: center;\">La confection des mets devant le client propose aussi un instant de spectacle et de rencontres avec les professionnels de la cuisine,<\/p>\n<p style=\"text-align: center;\">un m\u00e9tier riche dans le don d&rsquo;offrir du plaisir.<\/p>\n","protected":false},"excerpt":{"rendered":"<p>Wok &amp; Grillades \u00a0 Pr\u00e9parez vous-m\u00eame votre assiette en choisissant parmi les nombreux aliments propos\u00e9s et confiez-l\u00e0 \u00e0 notre Chef pour la cuisson au Wok (diff\u00e9rentes sauces au choix) Pour les grillades, nous vous proposons : Poissons, viandes, brochettes b\u0153uf\/fromage,<\/p>\n","protected":false},"author":1,"featured_media":0,"parent":0,"menu_order":0,"comment_status":"closed","ping_status":"closed","template":"","meta":[],"_links":{"self":[{"href":"https:\/\/www.royalpierrelaye.com\/index.php\/wp-json\/wp\/v2\/pages\/10"}],"collection":[{"href":"https:\/\/www.royalpierrelaye.com\/index.php\/wp-json\/wp\/v2\/pages"}],"about":[{"href":"https:\/\/www.royalpierrelaye.com\/index.php\/wp-json\/wp\/v2\/types\/page"}],"author":[{"embeddable":true,"href":"https:\/\/www.royalpierrelaye.com\/index.php\/wp-json\/wp\/v2\/users\/1"}],"replies":[{"embeddable":true,"href":"https:\/\/www.royalpierrelaye.com\/index.php\/wp-json\/wp\/v2\/comments?post=10"}],"version-history":[{"count":9,"href":"https:\/\/www.royalpierrelaye.com\/index.php\/wp-json\/wp\/v2\/pages\/10\/revisions"}],"predecessor-version":[{"id":310,"href":"https:\/\/www.royalpierrelaye.com\/index.php\/wp-json\/wp\/v2\/pages\/10\/revisions\/310"}],"wp:attachment":[{"href":"https:\/\/www.royalpierrelaye.com\/index.php\/wp-json\/wp\/v2\/media?parent=10"}],"curies":[{"name":"wp","href":"https:\/\/api.w.org\/{rel}","templated":true}]}}