{"id":317,"date":"2022-04-21T23:12:55","date_gmt":"2022-04-21T22:12:55","guid":{"rendered":"http:\/\/www.royalpierrelaye.com\/?page_id=317"},"modified":"2026-03-13T02:50:15","modified_gmt":"2026-03-13T01:50:15","slug":"plats-a-emporter-livraison","status":"publish","type":"page","link":"https:\/\/www.royalpierrelaye.com\/index.php\/plats-a-emporter-livraison\/","title":{"rendered":"PLATS A EMPORTER \/ LIVRAISON"},"content":{"rendered":"<p>&nbsp;<\/p>\n<p>&nbsp;<\/p>\n<p>Plats \u00e0 emporter de 12h00 \u00e0 14h30 et de 19h00 \u00e0 22h30<\/p>\n<p>&nbsp;<\/p>\n<p>Le menu :<\/p>\n<ul>\n<li>La petite barquette : 5,00 \u20ac (sauf viandes et crevettes : 6,00 \u20ac)<\/li>\n<li>La grande barquette : 10,00 \u20ac (sauf viandes et crevettes : 12,00 \u20ac)<\/li>\n<li>Canard laqu\u00e9, cuisses de grenouilles, gambas et bo bun : 8,50 \u20ac<\/li>\n<\/ul>\n<p>Sp\u00e9cial Japonais (maki, sushi, Californa&#8230;)<\/p>\n<ul>\n<li>La petite barquette : 5,00 \u20ac (8 pi\u00e8ces) ou 6,00 \u20ac (10 pi\u00e8ces)<\/li>\n<li>La grande barquette : 10,00 \u20ac (20 pi\u00e8ces) ou 12,00 \u20ac (24 pi\u00e8ces)<\/li>\n<li>Suppl\u00e9ment de 1,00 \u20ac : Tempura crevettes avocat (n\u00b051)- Crusty tempura crevettes avocat (n\u00b055) &#8211; Roll (du n\u00b056 au n\u00b059)<\/li>\n<li>Barquette de sashimi : 5,00 \u20ac (6 pi\u00e8ces)<\/li>\n<\/ul>\n<p style=\"text-align: center;\" align=\"justify\"><div class=\"_3d-flip-book  fb3d-fullscreen-mode full-size\" data-id=\"340\" data-mode=\"fullscreen\" data-title=\"false\" data-template=\"short-white-book-view\" data-lightbox=\"dark-shadow\" data-urlparam=\"fb3d-page\" data-page-n=\"0\" data-pdf=\"\" data-tax=\"null\" data-thumbnail=\"\" data-cols=\"3\" data-book-template=\"default\" data-trigger=\"\"><\/div><script type=\"text\/javascript\">window.FB3D_CLIENT_DATA = window.FB3D_CLIENT_DATA || [];FB3D_CLIENT_DATA.push('eyJwb3N0cyI6eyIzNDAiOnsiSUQiOjM0MCwidGl0bGUiOiJBIGVtcG9ydGVyIGZldiAyMDIzIiwidHlwZSI6ImN1c3RvbSIsInJlYWR5X2Z1bmN0aW9uIjoiIiwiYm9va19zdHlsZSI6ImZsYXQiLCJib29rX3RlbXBsYXRlIjoibm9uZSIsIm91dGxpbmUiOltdLCJkYXRhIjp7InBkZl9wYWdlcyI6IjAiLCJwb3N0X0lEIjowLCJndWlkIjoiIiwicGFnZXNfY3VzdG9taXphdGlvbiI6ImFsbCJ9LCJ0aHVtYm5haWwiOnsiZGF0YSI6eyJwb3N0X0lEIjoiMzM3In0sInR5cGUiOiJtZWRpYUltYWdlIn0sInByb3BzIjp7ImJhY2tncm91bmRDb2xvciI6ImF1dG8iLCJiYWNrZ3JvdW5kSW1hZ2UiOiJhdXRvIiwiYmFja2dyb3VuZFN0eWxlIjoiYXV0byIsImhpZ2hsaWdodExpbmtzIjoiYXV0byIsImxpZ2h0aW5nIjoiYXV0byIsImNhY2hlZFBhZ2VzIjoiYXV0byIsInJlbmRlckluYWN0aXZlUGFnZXMiOiJhdXRvIiwicmVuZGVySW5hY3RpdmVQYWdlc09uTW9iaWxlIjoiYXV0byIsInJlbmRlcldoaWxlRmxpcHBpbmciOiJhdXRvIiwicHJlbG9hZFBhZ2VzIjoiYXV0byIsImF1dG9QbGF5RHVyYXRpb24iOiJhdXRvIiwicnRsIjoiYXV0byIsImludGVyYWN0aXZlQ29ybmVycyI6ImF1dG8iLCJtYXhEZXB0aCI6ImF1dG8iLCJzaGVldCI6eyJzdGFydFZlbG9jaXR5IjoiYXV0byIsIndhdmUiOiJhdXRvIiwic2hhcGUiOiJhdXRvIiwid2lkdGhUZXhlbHMiOiJhdXRvIiwiY29sb3IiOiJhdXRvIiwic2lkZSI6ImF1dG8iLCJjb3JuZXJEZXZpYXRpb24iOiJhdXRvIiwiZmxleGliaWxpdHkiOiJhdXRvIiwiZmxleGlibGVDb3JuZXIiOiJhdXRvIiwiYmVuZGluZyI6ImF1dG8iLCJoZWlnaHRUZXhlbHMiOiJhdXRvIn0sImNvdmVyIjp7IndhdmUiOiJhdXRvIiwiY29sb3IiOiJhdXRvIiwiYmluZGVyVGV4dHVyZSI6ImF1dG8iLCJkZXB0aCI6ImF1dG8iLCJwYWRkaW5nIjoiYXV0byIsInN0YXJ0VmVsb2NpdHkiOiJhdXRvIiwiZmxleGliaWxpdHkiOiJhdXRvIiwiZmxleGlibGVDb3JuZXIiOiJhdXRvIiwiYmVuZGluZyI6ImF1dG8iLCJ3aWR0aFRleGVscyI6ImF1dG8iLCJoZWlnaHRUZXhlbHMiOiJhdXRvIiwibWFzcyI6ImF1dG8iLCJzaWRlIjoiYXV0byIsInNoYXBlIjoiYXV0byJ9LCJwYWdlIjp7IndhdmUiOiJhdXRvIiwiY29sb3IiOiJhdXRvIiwiZGVwdGgiOiJhdXRvIiwic3RhcnRWZWxvY2l0eSI6ImF1dG8iLCJmbGV4aWJpbGl0eSI6ImF1dG8iLCJmbGV4aWJsZUNvcm5lciI6ImF1dG8iLCJiZW5kaW5nIjoiYXV0byIsIndpZHRoVGV4ZWxzIjoiYXV0byIsImhlaWdodFRleGVscyI6ImF1dG8iLCJtYXNzIjoiYXV0byIsInNpZGUiOiJhdXRvIiwic2hhcGUiOiJhdXRvIn0sImhlaWdodCI6ImF1dG8iLCJ3aWR0aCI6ImF1dG8iLCJncmF2aXR5IjoiYXV0byIsInBhZ2VzRm9yUHJlZGljdGluZyI6ImF1dG8ifSwiY29udHJvbFByb3BzIjp7ImFjdGlvbnMiOnsiY21kVG9jIjp7ImVuYWJsZWQiOiJhdXRvIiwiZW5hYmxlZEluTmFycm93IjoiYXV0byIsImFjdGl2ZSI6ImF1dG8iLCJkZWZhdWx0VGFiIjoiYXV0byJ9LCJjbWRBdXRvUGxheSI6eyJlbmFibGVkIjoiYXV0byIsImVuYWJsZWRJbk5hcnJvdyI6ImF1dG8iLCJhY3RpdmUiOiJhdXRvIn0sImNtZFNhdmUiOnsiZW5hYmxlZCI6ImF1dG8iLCJlbmFibGVkSW5OYXJyb3ciOiJhdXRvIn0sImNtZFByaW50Ijp7ImVuYWJsZWQiOiJhdXRvIiwiZW5hYmxlZEluTmFycm93IjoiYXV0byJ9LCJjbWRTaW5nbGVQYWdlIjp7ImVuYWJsZWQiOiJhdXRvIiwiZW5hYmxlZEluTmFycm93IjoiYXV0byIsImFjdGl2ZSI6ImF1dG8iLCJhY3RpdmVGb3JNb2JpbGUiOiJhdXRvIn0sIndpZFRvb2xiYXIiOnsiZW5hYmxlZCI6ImF1dG8iLCJlbmFibGVkSW5OYXJyb3ciOiJhdXRvIn19fSwiYXV0b1RodW1ibmFpbCI6bnVsbCwicG9zdF9uYW1lIjoiYS1lbXBvcnRlci1mZXYtMjAyMyIsInBvc3RfdHlwZSI6IjNkLWZsaXAtYm9vayJ9fSwicGFnZXMiOnsiMzQwIjpbeyJwYWdlX0lEIjoiOCIsInBhZ2VfcG9zdF9JRCI6IjM0MCIsInBhZ2VfdGl0bGUiOiJtZW51LTEiLCJwYWdlX3NvdXJjZV90eXBlIjoiaW1hZ2UiLCJwYWdlX3NvdXJjZV9kYXRhIjp7InBvc3RfSUQiOiIzMzciLCJndWlkIjoiaHR0cDpcL1wvd3d3LnJveWFscGllcnJlbGF5ZS5jb21cL3dwLWNvbnRlbnRcL3VwbG9hZHNcLzIwMjFcLzAzXC9tZW51LTEuanBnIn0sInBhZ2VfdGh1bWJuYWlsX3R5cGUiOiJhdXRvIiwicGFnZV90aHVtYm5haWxfZGF0YSI6eyJwb3N0X0lEIjoiMCJ9LCJwYWdlX21ldGFfZGF0YSI6eyJjc3NfbGF5ZXIiOnsiY3NzIjoiIiwiaHRtbCI6IiIsImpzIjoiIn19LCJwYWdlX251bWJlciI6IjAifSx7InBhZ2VfSUQiOiI5IiwicGFnZV9wb3N0X0lEIjoiMzQwIiwicGFnZV90aXRsZSI6Im1lbnUtMiIsInBhZ2Vfc291cmNlX3R5cGUiOiJpbWFnZSIsInBhZ2Vfc291cmNlX2RhdGEiOnsicG9zdF9JRCI6IjMzOSIsImd1aWQiOiJodHRwOlwvXC93d3cucm95YWxwaWVycmVsYXllLmNvbVwvd3AtY29udGVudFwvdXBsb2Fkc1wvMjAyMVwvMDNcL21lbnUtMi5qcGcifSwicGFnZV90aHVtYm5haWxfdHlwZSI6ImF1dG8iLCJwYWdlX3RodW1ibmFpbF9kYXRhIjp7InBvc3RfSUQiOiIwIn0sInBhZ2VfbWV0YV9kYXRhIjp7ImNzc19sYXllciI6eyJjc3MiOiIiLCJodG1sIjoiIiwianMiOiIifX0sInBhZ2VfbnVtYmVyIjoiMSJ9LHsicGFnZV9JRCI6IjEwIiwicGFnZV9wb3N0X0lEIjoiMzQwIiwicGFnZV90aXRsZSI6Im1lbnUtamFwIiwicGFnZV9zb3VyY2VfdHlwZSI6ImltYWdlIiwicGFnZV9zb3VyY2VfZGF0YSI6eyJwb3N0X0lEIjoiMzM4IiwiZ3VpZCI6Imh0dHA6XC9cL3d3dy5yb3lhbHBpZXJyZWxheWUuY29tXC93cC1jb250ZW50XC91cGxvYWRzXC8yMDIxXC8wM1wvbWVudS1qYXAuanBnIn0sInBhZ2VfdGh1bWJuYWlsX3R5cGUiOiJhdXRvIiwicGFnZV90aHVtYm5haWxfZGF0YSI6eyJwb3N0X0lEIjoiMCJ9LCJwYWdlX21ldGFfZGF0YSI6eyJjc3NfbGF5ZXIiOnsiY3NzIjoiIiwiaHRtbCI6IiIsImpzIjoiIn19LCJwYWdlX251bWJlciI6IjIifV19LCJmaXJzdFBhZ2VzIjpbXX0=');window.FB3D_CLIENT_LOCALE && FB3D_CLIENT_LOCALE.render && FB3D_CLIENT_LOCALE.render();<\/script>\n<p>&nbsp;<\/p>\n<p>&nbsp;<\/p>\n<p>&nbsp;<\/p>\n<p style=\"text-align: center;\"><span style=\"font-family: Calibri; font-size: large;\">Livraison par UBER EATS<br \/>\n<a href=\"https:\/\/www.ubereats.com\/fr\/store\/royal-pierrelaye\/fqa4OfU5R9ekyYhNPGhoQQ\" target=\"_blank\" rel=\"noopener\"><img decoding=\"async\" loading=\"lazy\" class=\"alignnone wp-image-277 aligncenter\" src=\"http:\/\/www.royalpierrelaye.com\/wp-content\/uploads\/2021\/07\/UberEats_300x100.jpg\" alt=\"\" width=\"189\" height=\"68\" \/><\/a><\/span><\/p>\n","protected":false},"excerpt":{"rendered":"<p>&nbsp; &nbsp; Plats \u00e0 emporter de 12h00 \u00e0 14h30 et de 19h00 \u00e0 22h30 &nbsp; Le menu : La petite barquette : 5,00 \u20ac (sauf viandes et crevettes : 6,00 \u20ac) La grande barquette : 10,00 \u20ac (sauf viandes et<\/p>\n","protected":false},"author":1,"featured_media":0,"parent":0,"menu_order":0,"comment_status":"closed","ping_status":"closed","template":"","meta":[],"_links":{"self":[{"href":"https:\/\/www.royalpierrelaye.com\/index.php\/wp-json\/wp\/v2\/pages\/317"}],"collection":[{"href":"https:\/\/www.royalpierrelaye.com\/index.php\/wp-json\/wp\/v2\/pages"}],"about":[{"href":"https:\/\/www.royalpierrelaye.com\/index.php\/wp-json\/wp\/v2\/types\/page"}],"author":[{"embeddable":true,"href":"https:\/\/www.royalpierrelaye.com\/index.php\/wp-json\/wp\/v2\/users\/1"}],"replies":[{"embeddable":true,"href":"https:\/\/www.royalpierrelaye.com\/index.php\/wp-json\/wp\/v2\/comments?post=317"}],"version-history":[{"count":14,"href":"https:\/\/www.royalpierrelaye.com\/index.php\/wp-json\/wp\/v2\/pages\/317\/revisions"}],"predecessor-version":[{"id":375,"href":"https:\/\/www.royalpierrelaye.com\/index.php\/wp-json\/wp\/v2\/pages\/317\/revisions\/375"}],"wp:attachment":[{"href":"https:\/\/www.royalpierrelaye.com\/index.php\/wp-json\/wp\/v2\/media?parent=317"}],"curies":[{"name":"wp","href":"https:\/\/api.w.org\/{rel}","templated":true}]}}