{"id":4,"date":"2015-05-28T23:15:59","date_gmt":"2015-05-28T22:15:59","guid":{"rendered":"http:\/\/www.royalpierrelaye.com\/?page_id=4"},"modified":"2026-03-13T02:48:27","modified_gmt":"2026-03-13T01:48:27","slug":"accueil","status":"publish","type":"page","link":"https:\/\/www.royalpierrelaye.com\/","title":{"rendered":"ACCUEIL"},"content":{"rendered":"<p>&nbsp;<\/p>\n<p>Situ\u00e9 au c\u0153ur de la Zone d\u2019Activit\u00e9s de la Porte Ouest, le restaurant asiatique ROYAL PIERRELAYE vous accueille dans un cadre convivial<br \/>\net vous propose un large choix de sp\u00e9cialit\u00e9s de la cuisine chinoise, vietnamienne et tha\u00eflandaise ainsi que quelques plats traditionnels japonais.<\/p>\n<p>Toutes ces sp\u00e9cialit\u00e9s vous sont propos\u00e9es \u00e0 volont\u00e9 sous forme de buffet, ainsi que l&rsquo;espace pour le Wok et les grillades.<\/p>\n<p>&nbsp;<\/p>\n<h5>Tarifs du buffet<\/h5>\n<ul>\n<li>Le midi du lundi au samedi (sauf les jours f\u00e9ri\u00e9s) : 14,90 \u20ac<\/li>\n<li>Le soir du lundi au jeudi, les dimanches et les jours f\u00e9ri\u00e9s : 19,90 \u20ac<\/li>\n<li>Le soir, le vendredi et le samedi : 20,90 \u20ac<\/li>\n<\/ul>\n<p>&nbsp;<\/p>\n<h5>Tarifs enfants de moins de 8 ans (moins de 1m40)<\/h5>\n<ul>\n<li>Le midi du lundi au samedi (sauf les jours f\u00e9ri\u00e9s) : 8,90 \u20ac<\/li>\n<li>Le soir du lundi au samedi, les dimanches et les jours f\u00e9ri\u00e9s : \u00a011,90 \u20ac<\/li>\n<\/ul>\n<p>&nbsp;<\/p>\n<h5><a href=\"https:\/\/www.royalpierrelaye.com\/index.php\/plats-a-emporter-livraison\/\">Plats \u00e0 emporter de 12h00 \u00e0 14h30 et de 19h00 \u00e0 22h30 (voir la carte)<\/a><\/h5>\n<p>&nbsp;<\/p>\n<p><span style=\"font-family: Calibri; font-size: large;\">Livraison par UBER EATS<\/span><\/p>\n<p><span style=\"font-family: Calibri; font-size: large;\"> <a href=\"https:\/\/www.ubereats.com\/fr\/store\/royal-pierrelaye\/fqa4OfU5R9ekyYhNPGhoQQ\" target=\"_blank\" rel=\"noopener\"><img decoding=\"async\" loading=\"lazy\" class=\"alignnone wp-image-277\" src=\"http:\/\/www.royalpierrelaye.com\/wp-content\/uploads\/2021\/07\/UberEats_300x100.jpg\" alt=\"\" width=\"189\" height=\"68\" \/><\/a><\/span><\/p>\n","protected":false},"excerpt":{"rendered":"<p>&nbsp; Situ\u00e9 au c\u0153ur de la Zone d\u2019Activit\u00e9s de la Porte Ouest, le restaurant asiatique ROYAL PIERRELAYE vous accueille dans un cadre convivial et vous propose un large choix de sp\u00e9cialit\u00e9s de la cuisine chinoise, vietnamienne et tha\u00eflandaise ainsi que<\/p>\n","protected":false},"author":1,"featured_media":0,"parent":0,"menu_order":0,"comment_status":"closed","ping_status":"closed","template":"","meta":[],"_links":{"self":[{"href":"https:\/\/www.royalpierrelaye.com\/index.php\/wp-json\/wp\/v2\/pages\/4"}],"collection":[{"href":"https:\/\/www.royalpierrelaye.com\/index.php\/wp-json\/wp\/v2\/pages"}],"about":[{"href":"https:\/\/www.royalpierrelaye.com\/index.php\/wp-json\/wp\/v2\/types\/page"}],"author":[{"embeddable":true,"href":"https:\/\/www.royalpierrelaye.com\/index.php\/wp-json\/wp\/v2\/users\/1"}],"replies":[{"embeddable":true,"href":"https:\/\/www.royalpierrelaye.com\/index.php\/wp-json\/wp\/v2\/comments?post=4"}],"version-history":[{"count":65,"href":"https:\/\/www.royalpierrelaye.com\/index.php\/wp-json\/wp\/v2\/pages\/4\/revisions"}],"predecessor-version":[{"id":374,"href":"https:\/\/www.royalpierrelaye.com\/index.php\/wp-json\/wp\/v2\/pages\/4\/revisions\/374"}],"wp:attachment":[{"href":"https:\/\/www.royalpierrelaye.com\/index.php\/wp-json\/wp\/v2\/media?parent=4"}],"curies":[{"name":"wp","href":"https:\/\/api.w.org\/{rel}","templated":true}]}}