{"id":8,"date":"2015-05-28T23:17:39","date_gmt":"2015-05-28T22:17:39","guid":{"rendered":"http:\/\/www.royalpierrelaye.com\/?page_id=8"},"modified":"2023-10-11T22:38:55","modified_gmt":"2023-10-11T21:38:55","slug":"buffet-a-volonte","status":"publish","type":"page","link":"https:\/\/www.royalpierrelaye.com\/index.php\/buffet-a-volonte\/","title":{"rendered":"BUFFET A VOLONTE"},"content":{"rendered":"<h1 style=\"text-align: center;\"><\/h1>\n<h1 style=\"text-align: center;\"><strong>Buffet \u00e0 volont\u00e9<\/strong><\/h1>\n<h1 style=\"text-align: center;\"><strong>Entr\u00e9es, plats, desserts tous les jours<\/strong><\/h1>\n<p>&nbsp;<\/p>\n<h2 style=\"text-align: center;\"><div id=\"metaslider-id-356\" style=\"width: 100%; margin: 0 auto;\" class=\"ml-slider-3-96-0 metaslider metaslider-flex metaslider-356 ml-slider ms-theme-default\" role=\"region\" aria-roledescription=\"Slideshow\" aria-label=\"Buffet 2023\">\n    <div id=\"metaslider_container_356\">\n        <div id=\"metaslider_356\">\n            <ul class='slides'>\n                <li style=\"display: block; width: 100%;\" class=\"slide-363 ms-image \" aria-roledescription=\"slide\" aria-label=\"slide-363\" data-date=\"2023-10-11 22:17:50\"><img src=\"https:\/\/www.royalpierrelaye.com\/wp-content\/uploads\/2023\/10\/buffet_1.jpg\" height=\"400\" width=\"600\" alt=\"\" class=\"slider-356 slide-363\" title=\"buffet_1\" \/><\/li>\n                <li style=\"display: none; width: 100%;\" class=\"slide-364 ms-image \" aria-roledescription=\"slide\" aria-label=\"slide-364\" data-date=\"2023-10-11 22:17:50\"><img src=\"https:\/\/www.royalpierrelaye.com\/wp-content\/uploads\/2023\/10\/buffet_2.jpg\" height=\"400\" width=\"600\" alt=\"\" class=\"slider-356 slide-364\" title=\"buffet_2\" \/><\/li>\n                <li style=\"display: none; width: 100%;\" class=\"slide-365 ms-image \" aria-roledescription=\"slide\" aria-label=\"slide-365\" data-date=\"2023-10-11 22:17:50\"><img src=\"https:\/\/www.royalpierrelaye.com\/wp-content\/uploads\/2023\/10\/buffet_3.jpg\" height=\"400\" width=\"600\" alt=\"\" class=\"slider-356 slide-365\" title=\"buffet_3\" \/><\/li>\n                <li style=\"display: none; width: 100%;\" class=\"slide-366 ms-image \" aria-roledescription=\"slide\" aria-label=\"slide-366\" data-date=\"2023-10-11 22:17:50\"><img src=\"https:\/\/www.royalpierrelaye.com\/wp-content\/uploads\/2023\/10\/buffet_4.jpg\" height=\"400\" width=\"600\" alt=\"\" class=\"slider-356 slide-366\" title=\"buffet_4\" \/><\/li>\n                <li style=\"display: none; width: 100%;\" class=\"slide-367 ms-image \" aria-roledescription=\"slide\" aria-label=\"slide-367\" data-date=\"2023-10-11 22:17:50\"><img src=\"https:\/\/www.royalpierrelaye.com\/wp-content\/uploads\/2023\/10\/buffet_5.jpg\" height=\"400\" width=\"600\" alt=\"\" class=\"slider-356 slide-367\" title=\"buffet_5\" \/><\/li>\n                <li style=\"display: none; width: 100%;\" class=\"slide-368 ms-image \" aria-roledescription=\"slide\" aria-label=\"slide-368\" data-date=\"2023-10-11 22:17:50\"><img src=\"https:\/\/www.royalpierrelaye.com\/wp-content\/uploads\/2023\/10\/buffet_6.jpg\" height=\"400\" width=\"600\" alt=\"\" class=\"slider-356 slide-368\" title=\"buffet_6\" \/><\/li>\n            <\/ul>\n        <\/div>\n        \n    <\/div>\n<\/div><\/h2>\n<p>&nbsp;<\/p>\n<p>&nbsp;<\/p>\n<p style=\"text-align: center;\" align=\"left\"><strong><span style=\"font-size: medium;\">Large choix d\u2019<u>Entr\u00e9es<\/u>, de <u>Plats chauds<\/u>\u00a0et de <u>Desserts<\/u><\/span><\/strong><\/p>\n<p style=\"text-align: center;\" align=\"left\"><span style=\"color: #000000;\"><span style=\"font-family: Calibri; font-size: medium;\">Soupe chinoise, n<\/span><span style=\"font-family: Calibri; font-size: medium;\">ems, rouleaux de Printemps, samoussa au b\u0153uf&#8230;<\/span><\/span><\/p>\n<p style=\"text-align: center;\" align=\"left\"><span style=\"color: #000000; font-family: Calibri; font-size: medium;\">Salade chinoise, salade au poulet, crevettes sel et poivre, riz nature <\/span><\/p>\n<p style=\"text-align: center;\" align=\"left\"><span style=\"color: #000000; font-family: Calibri; font-size: medium;\">et cantonais, nouilles saut\u00e9es&#8230;<\/span><\/p>\n<p style=\"text-align: center;\" align=\"left\"><span style=\"color: #000000; font-family: Calibri; font-size: medium;\">Fruits de mer, moules sauce piquante, assortiments \u00e0 la\u00a0vapeur, b\u0153uf aux oignons, <\/span><span style=\"color: #000000; font-family: Calibri; font-size: medium;\">brochettes de poulet&#8230;<\/span><\/p>\n<p style=\"text-align: center;\" align=\"left\"><span style=\"color: #000000; font-family: Calibri; font-size: medium;\">Assortiments Japonais : Sushi, maki, futomaki, California&#8230;<\/span><\/p>\n<p style=\"text-align: center;\" align=\"left\"><span style=\"color: #000000; font-family: Calibri; font-size: medium;\">Desserts : Nougats Chinois, salades de fruits, beignets de pomme, perles de coco, lychees, fruits, tartes, cr\u00e8mes, glaces&#8230;<\/span><\/p>\n<p style=\"text-align: center;\">\n","protected":false},"excerpt":{"rendered":"<p>Buffet \u00e0 volont\u00e9 Entr\u00e9es, plats, desserts tous les jours &nbsp; &nbsp; &nbsp; Large choix d\u2019Entr\u00e9es, de Plats chauds\u00a0et de Desserts Soupe chinoise, nems, rouleaux de Printemps, samoussa au b\u0153uf&#8230; Salade chinoise, salade au poulet, crevettes sel et poivre, riz nature<\/p>\n","protected":false},"author":1,"featured_media":0,"parent":0,"menu_order":0,"comment_status":"closed","ping_status":"closed","template":"","meta":[],"_links":{"self":[{"href":"https:\/\/www.royalpierrelaye.com\/index.php\/wp-json\/wp\/v2\/pages\/8"}],"collection":[{"href":"https:\/\/www.royalpierrelaye.com\/index.php\/wp-json\/wp\/v2\/pages"}],"about":[{"href":"https:\/\/www.royalpierrelaye.com\/index.php\/wp-json\/wp\/v2\/types\/page"}],"author":[{"embeddable":true,"href":"https:\/\/www.royalpierrelaye.com\/index.php\/wp-json\/wp\/v2\/users\/1"}],"replies":[{"embeddable":true,"href":"https:\/\/www.royalpierrelaye.com\/index.php\/wp-json\/wp\/v2\/comments?post=8"}],"version-history":[{"count":19,"href":"https:\/\/www.royalpierrelaye.com\/index.php\/wp-json\/wp\/v2\/pages\/8\/revisions"}],"predecessor-version":[{"id":370,"href":"https:\/\/www.royalpierrelaye.com\/index.php\/wp-json\/wp\/v2\/pages\/8\/revisions\/370"}],"wp:attachment":[{"href":"https:\/\/www.royalpierrelaye.com\/index.php\/wp-json\/wp\/v2\/media?parent=8"}],"curies":[{"name":"wp","href":"https:\/\/api.w.org\/{rel}","templated":true}]}}